{"id":84,"date":"2018-02-16T10:41:05","date_gmt":"2018-02-16T09:41:05","guid":{"rendered":"http:\/\/humanbridge.fr\/?page_id=84"},"modified":"2019-12-16T19:09:24","modified_gmt":"2019-12-16T18:09:24","slug":"cabinet-de-chasse-de-tetes-consultants-issus-de-vos-metiers","status":"publish","type":"page","link":"https:\/\/humanbridge.fr\/","title":{"rendered":"Un cabinet de chasse de t\u00eates avec des consultants issus de vos m\u00e9tiers"},"content":{"rendered":"<p style=\"text-align: left;\"><span style=\"font-family: Numans; font-size: 16px; color: #03224c;\"><strong>Human Bridge est un cabinet de chasse de t\u00eates sp\u00e9cialis\u00e9 sur la finance de haut de bilan<\/strong><\/span><\/p>\n<p style=\"text-align: justify;\"><span style=\"font-size: 14px; font-family: Numans;\"><span style=\"color: #03224c;\">Nous sommes des consultants issus de vos m\u00e9tiers. Cette particularit\u00e9 facilite les \u00e9changes car elle permet de parler le m\u00eame langage aussi bien avec nos clients qu&rsquo;avec nos candidats.\u00a0 \u00a0<\/span>\u00a0 <span style=\"color: #03224c;\">En Finance de haut de bilan le temps est pr\u00e9cieux et nous sommes l\u00e0 pour vous en faire gagner.<\/span><\/span><\/p>\n<p><span style=\"color: #03224c; font-family: Numans; font-size: 14px; text-align: justify;\">\u00a0<img loading=\"lazy\" decoding=\"async\" class=\"wp-image-170 alignleft\" src=\"http:\/\/humanbridge.fr\/wp-content\/uploads\/2018\/02\/Dimitri-2067-2.jpg\" alt=\"\" width=\"188\" height=\"281\" srcset=\"https:\/\/humanbridge.fr\/wp-content\/uploads\/2018\/02\/Dimitri-2067-2.jpg 3344w, https:\/\/humanbridge.fr\/wp-content\/uploads\/2018\/02\/Dimitri-2067-2-200x300.jpg 200w, https:\/\/humanbridge.fr\/wp-content\/uploads\/2018\/02\/Dimitri-2067-2-768x1152.jpg 768w, https:\/\/humanbridge.fr\/wp-content\/uploads\/2018\/02\/Dimitri-2067-2-683x1024.jpg 683w, https:\/\/humanbridge.fr\/wp-content\/uploads\/2018\/02\/Dimitri-2067-2-750x1125.jpg 750w\" sizes=\"auto, (max-width: 188px) 100vw, 188px\" \/><\/span><span style=\"color: #03224c; font-family: Numans; font-size: 14px; text-align: justify;\">Dimitri a \u00e9<\/span><span style=\"color: #03224c; font-family: Numans; font-size: 14px; text-align: justify;\">volu\u00e9 pendant 10 ans en Finance (financements structur\u00e9s, Private Equity,\u00a0 conseils en fusions et acquisitions puis en corporate M&amp;A dans l&rsquo;industrie) avant de se r\u00e9orienter vers l&rsquo;univers du conseil en recrutem<\/span><span style=\"color: #03224c; font-family: Numans; font-size: 14px; text-align: justify;\">ent au sein de la division Finance d&rsquo;un grand groupe international.\u00a0 \u00a0Attach\u00e9 \u00e0 ce que le fil rouge de son parcours demeure la finance de\u00a0 \u00a0haut de bilan, il se sp\u00e9cialise sur les profils issus de cet environnement et d\u00e9cide de\u00a0 fonder Human Bridge en 2017.\u00a0<\/span><\/p>\n<p style=\"text-align: justify;\"><span style=\"font-family: Numans; font-size: 14px; color: #03224c;\">Passio<\/span><span style=\"font-family: Numans; font-size: 14px; color: #03224c;\">nn\u00e9\u00a0 \u00a0<\/span><span style=\"color: #03224c; font-family: Numans; font-size: 14px;\">de tennis et de sport en g\u00e9n\u00e9ral, il\u00a0 porte\u00a0 les valeurs\u00a0 v\u00e9hicul\u00e9es\u00a0 qu&rsquo;il peut facilement transposer \u00e0 sa vie quotidienne\u00a0 : sens de l&rsquo;effort, t\u00e9nacit\u00e9\u00a0 et d\u00e9termination.<\/span><\/p>\n<p style=\"text-align: justify;\"><span style=\"color: #03224c; font-family: Numans; font-size: 14px;\">Dimitri est dipl\u00f4m\u00e9 d&rsquo;un DEUG de Sciences, de SKEMA Business School et d&rsquo;un 3<sup>\u00e8me<\/sup> cycle en Techniques Financi\u00e8res \u00e0 l&rsquo;ESSEC.<\/span><\/p>\n<p><a href=\"https:\/\/www.linkedin.com\/in\/dimitri-aub%C3%A9-420451a\/\" target=\"_blank\" rel=\"noopener noreferrer\"><img loading=\"lazy\" decoding=\"async\" class=\"wp-image-247 alignright\" src=\"http:\/\/humanbridge.fr\/wp-content\/uploads\/2018\/02\/linkedin-logo-180x180.png\" alt=\"\" width=\"33\" height=\"33\" srcset=\"https:\/\/humanbridge.fr\/wp-content\/uploads\/2018\/02\/linkedin-logo-180x180.png 180w, https:\/\/humanbridge.fr\/wp-content\/uploads\/2018\/02\/linkedin-logo-180x180-150x150.png 150w\" sizes=\"auto, (max-width: 33px) 100vw, 33px\" \/><\/a><\/p>\n<p>&nbsp;<\/p>\n<p><span style=\"font-family: Numans; font-size: 16px; color: #03224c;\"><strong>Ils nous font confiance :<\/strong><\/span><\/p>\n<div class=\"carousel-slider-outer carousel-slider-outer-image-carousel carousel-slider-outer-486\" style=\"--carousel-slider-nav-color:#f1f1f1;--carousel-slider-active-nav-color:#03224c;--carousel-slider-arrow-size:48px;--carousel-slider-bullet-size:10px\">\n<div id=\"&#039;id-486\" class=\"carousel-slider carousel-slider-486 arrows-visibility-never dots-visibility-never arrows-outside dots-center dots-square owl-carousel\" data-slide-type=\"image-carousel\" data-owl-settings='{\"nav\":false,\"dots\":false,\"slideBy\":1,\"stagePadding\":0,\"margin\":60,\"loop\":true,\"lazyLoad\":false,\"autoplay\":true,\"autoplayTimeout\":5000,\"autoplaySpeed\":6000,\"autoplayHoverPause\":true,\"autoWidth\":true,\"responsive\":{\"300\":{\"items\":1},\"576\":{\"items\":2},\"768\":{\"items\":2},\"1024\":{\"items\":3},\"1280\":{\"items\":4},\"1536\":{\"items\":5}}}'>\n<div class=\"carousel-slider__item\">\n\t<img loading=\"lazy\" decoding=\"async\" width=\"120\" height=\"29\" src=\"https:\/\/humanbridge.fr\/wp-content\/uploads\/2025\/07\/Cervinvest-e1752819393245.png\" class=\"attachment-full size-full\" alt=\"\" \/><\/a><\/div>\n\n<div class=\"carousel-slider__item\">\n\t<img loading=\"lazy\" decoding=\"async\" width=\"100\" height=\"23\" src=\"https:\/\/humanbridge.fr\/wp-content\/uploads\/2020\/02\/Capza.png\" class=\"attachment-full size-full\" alt=\"\" \/><\/a><\/div>\n\n<div class=\"carousel-slider__item\">\n\t<img loading=\"lazy\" decoding=\"async\" width=\"130\" height=\"29\" src=\"https:\/\/humanbridge.fr\/wp-content\/uploads\/2022\/02\/IK-v2-1-e1752819442651.jpg\" class=\"attachment-full size-full\" alt=\"\" \/><\/a><\/div>\n\n<div class=\"carousel-slider__item\">\n\t<img loading=\"lazy\" decoding=\"async\" width=\"150\" height=\"43\" src=\"https:\/\/humanbridge.fr\/wp-content\/uploads\/2022\/01\/LT-Capital-v2-e1643641325980.png\" class=\"attachment-full size-full\" alt=\"\" \/><\/a><\/div>\n\n<div class=\"carousel-slider__item\">\n\t<img loading=\"lazy\" decoding=\"async\" width=\"58\" height=\"58\" src=\"https:\/\/humanbridge.fr\/wp-content\/uploads\/2022\/06\/Logo-Cedre-e1655289751708.jpg\" class=\"attachment-full size-full\" alt=\"\" \/><\/a><\/div>\n\n<div class=\"carousel-slider__item\">\n\t<img loading=\"lazy\" decoding=\"async\" width=\"58\" height=\"58\" src=\"https:\/\/humanbridge.fr\/wp-content\/uploads\/2021\/01\/Logo-DA.png\" class=\"attachment-full size-full\" alt=\"\" \/><\/a><\/div>\n\n<div class=\"carousel-slider__item\">\n\t<img loading=\"lazy\" decoding=\"async\" width=\"100\" height=\"34\" src=\"https:\/\/humanbridge.fr\/wp-content\/uploads\/2018\/10\/Ab\u00e9nex-1.jpg\" class=\"attachment-full size-full\" alt=\"\" \/><\/a><\/div>\n\n<div class=\"carousel-slider__item\">\n\t<img loading=\"lazy\" decoding=\"async\" width=\"130\" height=\"37\" src=\"https:\/\/humanbridge.fr\/wp-content\/uploads\/2025\/07\/Horizon-e1752821744528.png\" class=\"attachment-full size-full\" alt=\"\" \/><\/a><\/div>\n\n<div class=\"carousel-slider__item\">\n\t<img loading=\"lazy\" decoding=\"async\" width=\"130\" height=\"87\" src=\"https:\/\/humanbridge.fr\/wp-content\/uploads\/2025\/07\/IQEQ-e1752821716873.jpeg\" class=\"attachment-full size-full\" alt=\"\" \/><\/a><\/div>\n\n<div class=\"carousel-slider__item\">\n\t<img loading=\"lazy\" decoding=\"async\" width=\"100\" height=\"65\" src=\"https:\/\/humanbridge.fr\/wp-content\/uploads\/2025\/07\/Auxiga-e1752821908287.jpg\" class=\"attachment-full size-full\" alt=\"\" \/><\/a><\/div>\n\n<div class=\"carousel-slider__item\">\n\t<img loading=\"lazy\" decoding=\"async\" width=\"130\" height=\"40\" src=\"https:\/\/humanbridge.fr\/wp-content\/uploads\/2023\/01\/Logo-Lindera-1-e1752819482555.png\" class=\"attachment-full size-full\" alt=\"\" \/><\/a><\/div>\n\n<div class=\"carousel-slider__item\">\n\t<img loading=\"lazy\" decoding=\"async\" width=\"130\" height=\"36\" src=\"https:\/\/humanbridge.fr\/wp-content\/uploads\/2022\/02\/Flowbird-1-e1752819499165.png\" class=\"attachment-full size-full\" alt=\"\" \/><\/a><\/div>\n\n<div class=\"carousel-slider__item\">\n\t<img loading=\"lazy\" decoding=\"async\" width=\"58\" height=\"57\" src=\"https:\/\/humanbridge.fr\/wp-content\/uploads\/2020\/02\/logo-ecap.png\" class=\"attachment-full size-full\" alt=\"\" \/><\/a><\/div>\n\n<div class=\"carousel-slider__item\">\n\t<img loading=\"lazy\" decoding=\"async\" width=\"70\" height=\"33\" src=\"https:\/\/humanbridge.fr\/wp-content\/uploads\/2019\/10\/Logo-Aya-e1752819536488.png\" class=\"attachment-full size-full\" alt=\"\" \/><\/a><\/div>\n\n<div class=\"carousel-slider__item\">\n\t<img loading=\"lazy\" decoding=\"async\" width=\"100\" height=\"34\" src=\"https:\/\/humanbridge.fr\/wp-content\/uploads\/2022\/02\/CGE-1-e1752819553989.png\" class=\"attachment-full size-full\" alt=\"\" \/><\/a><\/div>\n\n<div class=\"carousel-slider__item\">\n\t<img loading=\"lazy\" decoding=\"async\" width=\"58\" height=\"52\" src=\"https:\/\/humanbridge.fr\/wp-content\/uploads\/2019\/05\/Logo-Groupe-Point-Vision-1.png\" class=\"attachment-full size-full\" alt=\"\" \/><\/a><\/div>\n\n<div class=\"carousel-slider__item\">\n\t<img loading=\"lazy\" decoding=\"async\" width=\"130\" height=\"36\" src=\"https:\/\/humanbridge.fr\/wp-content\/uploads\/2022\/01\/prismic-v2-e1752819586605.png\" class=\"attachment-full size-full\" alt=\"\" \/><\/a><\/div>\n\n<div class=\"carousel-slider__item\">\n\t<img loading=\"lazy\" decoding=\"async\" width=\"130\" height=\"49\" src=\"https:\/\/humanbridge.fr\/wp-content\/uploads\/2022\/02\/Legalstart-v2-e1752819603435.png\" class=\"attachment-full size-full\" alt=\"\" \/><\/a><\/div>\n\n<div class=\"carousel-slider__item\">\n\t<img loading=\"lazy\" decoding=\"async\" width=\"100\" height=\"39\" src=\"https:\/\/humanbridge.fr\/wp-content\/uploads\/2018\/10\/NP-1.jpg\" class=\"attachment-full size-full\" alt=\"\" \/><\/a><\/div>\n\n<div class=\"carousel-slider__item\">\n\t<img loading=\"lazy\" decoding=\"async\" width=\"100\" height=\"25\" src=\"https:\/\/humanbridge.fr\/wp-content\/uploads\/2018\/10\/SG-1.jpg\" class=\"attachment-full size-full\" alt=\"\" \/><\/a><\/div>\n\n<div class=\"carousel-slider__item\">\n\t<img loading=\"lazy\" decoding=\"async\" width=\"100\" height=\"30\" src=\"https:\/\/humanbridge.fr\/wp-content\/uploads\/2018\/10\/CA-1.png\" class=\"attachment-full size-full\" alt=\"\" \/><\/a><\/div>\n\n<div class=\"carousel-slider__item\">\n\t<img loading=\"lazy\" decoding=\"async\" width=\"60\" height=\"62\" src=\"https:\/\/humanbridge.fr\/wp-content\/uploads\/2018\/10\/TDF-1.jpg\" class=\"attachment-full size-full\" alt=\"\" \/><\/a><\/div>\n\n<div class=\"carousel-slider__item\">\n\t<img loading=\"lazy\" decoding=\"async\" width=\"60\" height=\"73\" src=\"https:\/\/humanbridge.fr\/wp-content\/uploads\/2018\/10\/logo-123-IM-2.jpg\" class=\"attachment-full size-full\" alt=\"\" \/><\/a><\/div>\n\n<div class=\"carousel-slider__item\">\n\t<img loading=\"lazy\" decoding=\"async\" width=\"150\" height=\"44\" src=\"https:\/\/humanbridge.fr\/wp-content\/uploads\/2022\/01\/Goetz-v2-e1643640920938.png\" class=\"attachment-full size-full\" alt=\"\" \/><\/a><\/div>\n\n<\/div><!-- .carousel-slider-486 -->\n<\/div><!-- .carousel-slider-outer-486 -->\n\n","protected":false},"excerpt":{"rendered":"<p>Human Bridge est un cabinet de chasse de t\u00eates sp\u00e9cialis\u00e9 sur la finance de haut de bilan Nous sommes des consultants issus de vos m\u00e9tiers. Cette particularit\u00e9 facilite les \u00e9changes car elle permet de parler le m\u00eame langage aussi bien avec nos clients qu&rsquo;avec nos candidats.\u00a0 \u00a0\u00a0 En Finance de haut de bilan le temps &hellip;<\/p>\n","protected":false},"author":1,"featured_media":479,"parent":0,"menu_order":0,"comment_status":"closed","ping_status":"open","template":"","meta":{"footnotes":""},"class_list":["post-84","page","type-page","status-publish","has-post-thumbnail","hentry"],"yoast_head":"<!-- This site is optimized with the Yoast SEO plugin v27.0 - https:\/\/yoast.com\/product\/yoast-seo-wordpress\/ -->\n<title>Human Bridge - Chasse de t\u00eates dans le haut de bilan<\/title>\n<meta name=\"description\" content=\"Cabinet de chasse de t\u00eates dans l&#039;univers de la finance de haut de bilan. Des consultants en recrutement issus de ces m\u00e9tiers.\" \/>\n<meta name=\"robots\" content=\"index, follow, max-snippet:-1, max-image-preview:large, max-video-preview:-1\" \/>\n<link rel=\"canonical\" href=\"https:\/\/humanbridge.fr\/\" \/>\n<meta property=\"og:locale\" content=\"fr_FR\" \/>\n<meta property=\"og:type\" content=\"article\" \/>\n<meta property=\"og:title\" content=\"Human Bridge - Chasse de t\u00eates dans le haut de bilan\" \/>\n<meta property=\"og:description\" content=\"Cabinet de chasse de t\u00eates dans l&#039;univers de la finance de haut de bilan. Des consultants en recrutement issus de ces m\u00e9tiers.\" \/>\n<meta property=\"og:url\" content=\"https:\/\/humanbridge.fr\/\" \/>\n<meta property=\"og:site_name\" content=\"Human Bridge\" \/>\n<meta property=\"article:modified_time\" content=\"2019-12-16T18:09:24+00:00\" \/>\n<meta property=\"og:image\" content=\"https:\/\/humanbridge.fr\/wp-content\/uploads\/2018\/09\/Logo-vdef-LK.png\" \/>\n\t<meta property=\"og:image:width\" content=\"933\" \/>\n\t<meta property=\"og:image:height\" content=\"651\" \/>\n\t<meta property=\"og:image:type\" content=\"image\/png\" \/>\n<meta name=\"twitter:card\" content=\"summary_large_image\" \/>\n<meta name=\"twitter:label1\" content=\"Dur\u00e9e de lecture estim\u00e9e\" \/>\n\t<meta name=\"twitter:data1\" content=\"1 minute\" \/>\n<script type=\"application\/ld+json\" class=\"yoast-schema-graph\">{\"@context\":\"https:\/\/schema.org\",\"@graph\":[{\"@type\":\"WebPage\",\"@id\":\"https:\/\/humanbridge.fr\/\",\"url\":\"https:\/\/humanbridge.fr\/\",\"name\":\"Human Bridge - Chasse de t\u00eates dans le haut de bilan\",\"isPartOf\":{\"@id\":\"https:\/\/humanbridge.fr\/#website\"},\"primaryImageOfPage\":{\"@id\":\"https:\/\/humanbridge.fr\/#primaryimage\"},\"image\":{\"@id\":\"https:\/\/humanbridge.fr\/#primaryimage\"},\"thumbnailUrl\":\"https:\/\/humanbridge.fr\/wp-content\/uploads\/2018\/09\/Logo-vdef-LK.png\",\"datePublished\":\"2018-02-16T09:41:05+00:00\",\"dateModified\":\"2019-12-16T18:09:24+00:00\",\"description\":\"Cabinet de chasse de t\u00eates dans l'univers de la finance de haut de bilan. Des consultants en recrutement issus de ces m\u00e9tiers.\",\"breadcrumb\":{\"@id\":\"https:\/\/humanbridge.fr\/#breadcrumb\"},\"inLanguage\":\"fr-FR\",\"potentialAction\":[{\"@type\":\"ReadAction\",\"target\":[\"https:\/\/humanbridge.fr\/\"]}]},{\"@type\":\"ImageObject\",\"inLanguage\":\"fr-FR\",\"@id\":\"https:\/\/humanbridge.fr\/#primaryimage\",\"url\":\"https:\/\/humanbridge.fr\/wp-content\/uploads\/2018\/09\/Logo-vdef-LK.png\",\"contentUrl\":\"https:\/\/humanbridge.fr\/wp-content\/uploads\/2018\/09\/Logo-vdef-LK.png\",\"width\":933,\"height\":651},{\"@type\":\"BreadcrumbList\",\"@id\":\"https:\/\/humanbridge.fr\/#breadcrumb\",\"itemListElement\":[{\"@type\":\"ListItem\",\"position\":1,\"name\":\"Accueil\",\"item\":\"https:\/\/humanbridge.fr\/\"},{\"@type\":\"ListItem\",\"position\":2,\"name\":\"Un cabinet de chasse de t\u00eates avec des consultants issus de vos m\u00e9tiers\"}]},{\"@type\":\"WebSite\",\"@id\":\"https:\/\/humanbridge.fr\/#website\",\"url\":\"https:\/\/humanbridge.fr\/\",\"name\":\"Human Bridge\",\"description\":\"\",\"publisher\":{\"@id\":\"https:\/\/humanbridge.fr\/#organization\"},\"potentialAction\":[{\"@type\":\"SearchAction\",\"target\":{\"@type\":\"EntryPoint\",\"urlTemplate\":\"https:\/\/humanbridge.fr\/?s={search_term_string}\"},\"query-input\":{\"@type\":\"PropertyValueSpecification\",\"valueRequired\":true,\"valueName\":\"search_term_string\"}}],\"inLanguage\":\"fr-FR\"},{\"@type\":\"Organization\",\"@id\":\"https:\/\/humanbridge.fr\/#organization\",\"name\":\"Human Bridge\",\"url\":\"https:\/\/humanbridge.fr\/\",\"logo\":{\"@type\":\"ImageObject\",\"inLanguage\":\"fr-FR\",\"@id\":\"https:\/\/humanbridge.fr\/#\/schema\/logo\/image\/\",\"url\":\"https:\/\/humanbridge.fr\/wp-content\/uploads\/2018\/09\/Logo-vdef-LK.png\",\"contentUrl\":\"https:\/\/humanbridge.fr\/wp-content\/uploads\/2018\/09\/Logo-vdef-LK.png\",\"width\":933,\"height\":651,\"caption\":\"Human Bridge\"},\"image\":{\"@id\":\"https:\/\/humanbridge.fr\/#\/schema\/logo\/image\/\"},\"sameAs\":[\"https:\/\/www.linkedin.com\/company\/human-bridge\/\"]}]}<\/script>\n<!-- \/ Yoast SEO plugin. -->","yoast_head_json":{"title":"Human Bridge - Chasse de t\u00eates dans le haut de bilan","description":"Cabinet de chasse de t\u00eates dans l'univers de la finance de haut de bilan. Des consultants en recrutement issus de ces m\u00e9tiers.","robots":{"index":"index","follow":"follow","max-snippet":"max-snippet:-1","max-image-preview":"max-image-preview:large","max-video-preview":"max-video-preview:-1"},"canonical":"https:\/\/humanbridge.fr\/","og_locale":"fr_FR","og_type":"article","og_title":"Human Bridge - Chasse de t\u00eates dans le haut de bilan","og_description":"Cabinet de chasse de t\u00eates dans l'univers de la finance de haut de bilan. Des consultants en recrutement issus de ces m\u00e9tiers.","og_url":"https:\/\/humanbridge.fr\/","og_site_name":"Human Bridge","article_modified_time":"2019-12-16T18:09:24+00:00","og_image":[{"width":933,"height":651,"url":"https:\/\/humanbridge.fr\/wp-content\/uploads\/2018\/09\/Logo-vdef-LK.png","type":"image\/png"}],"twitter_card":"summary_large_image","twitter_misc":{"Dur\u00e9e de lecture estim\u00e9e":"1 minute"},"schema":{"@context":"https:\/\/schema.org","@graph":[{"@type":"WebPage","@id":"https:\/\/humanbridge.fr\/","url":"https:\/\/humanbridge.fr\/","name":"Human Bridge - Chasse de t\u00eates dans le haut de bilan","isPartOf":{"@id":"https:\/\/humanbridge.fr\/#website"},"primaryImageOfPage":{"@id":"https:\/\/humanbridge.fr\/#primaryimage"},"image":{"@id":"https:\/\/humanbridge.fr\/#primaryimage"},"thumbnailUrl":"https:\/\/humanbridge.fr\/wp-content\/uploads\/2018\/09\/Logo-vdef-LK.png","datePublished":"2018-02-16T09:41:05+00:00","dateModified":"2019-12-16T18:09:24+00:00","description":"Cabinet de chasse de t\u00eates dans l'univers de la finance de haut de bilan. Des consultants en recrutement issus de ces m\u00e9tiers.","breadcrumb":{"@id":"https:\/\/humanbridge.fr\/#breadcrumb"},"inLanguage":"fr-FR","potentialAction":[{"@type":"ReadAction","target":["https:\/\/humanbridge.fr\/"]}]},{"@type":"ImageObject","inLanguage":"fr-FR","@id":"https:\/\/humanbridge.fr\/#primaryimage","url":"https:\/\/humanbridge.fr\/wp-content\/uploads\/2018\/09\/Logo-vdef-LK.png","contentUrl":"https:\/\/humanbridge.fr\/wp-content\/uploads\/2018\/09\/Logo-vdef-LK.png","width":933,"height":651},{"@type":"BreadcrumbList","@id":"https:\/\/humanbridge.fr\/#breadcrumb","itemListElement":[{"@type":"ListItem","position":1,"name":"Accueil","item":"https:\/\/humanbridge.fr\/"},{"@type":"ListItem","position":2,"name":"Un cabinet de chasse de t\u00eates avec des consultants issus de vos m\u00e9tiers"}]},{"@type":"WebSite","@id":"https:\/\/humanbridge.fr\/#website","url":"https:\/\/humanbridge.fr\/","name":"Human Bridge","description":"","publisher":{"@id":"https:\/\/humanbridge.fr\/#organization"},"potentialAction":[{"@type":"SearchAction","target":{"@type":"EntryPoint","urlTemplate":"https:\/\/humanbridge.fr\/?s={search_term_string}"},"query-input":{"@type":"PropertyValueSpecification","valueRequired":true,"valueName":"search_term_string"}}],"inLanguage":"fr-FR"},{"@type":"Organization","@id":"https:\/\/humanbridge.fr\/#organization","name":"Human Bridge","url":"https:\/\/humanbridge.fr\/","logo":{"@type":"ImageObject","inLanguage":"fr-FR","@id":"https:\/\/humanbridge.fr\/#\/schema\/logo\/image\/","url":"https:\/\/humanbridge.fr\/wp-content\/uploads\/2018\/09\/Logo-vdef-LK.png","contentUrl":"https:\/\/humanbridge.fr\/wp-content\/uploads\/2018\/09\/Logo-vdef-LK.png","width":933,"height":651,"caption":"Human Bridge"},"image":{"@id":"https:\/\/humanbridge.fr\/#\/schema\/logo\/image\/"},"sameAs":["https:\/\/www.linkedin.com\/company\/human-bridge\/"]}]}},"_links":{"self":[{"href":"https:\/\/humanbridge.fr\/index.php\/wp-json\/wp\/v2\/pages\/84","targetHints":{"allow":["GET"]}}],"collection":[{"href":"https:\/\/humanbridge.fr\/index.php\/wp-json\/wp\/v2\/pages"}],"about":[{"href":"https:\/\/humanbridge.fr\/index.php\/wp-json\/wp\/v2\/types\/page"}],"author":[{"embeddable":true,"href":"https:\/\/humanbridge.fr\/index.php\/wp-json\/wp\/v2\/users\/1"}],"replies":[{"embeddable":true,"href":"https:\/\/humanbridge.fr\/index.php\/wp-json\/wp\/v2\/comments?post=84"}],"version-history":[{"count":141,"href":"https:\/\/humanbridge.fr\/index.php\/wp-json\/wp\/v2\/pages\/84\/revisions"}],"predecessor-version":[{"id":634,"href":"https:\/\/humanbridge.fr\/index.php\/wp-json\/wp\/v2\/pages\/84\/revisions\/634"}],"wp:featuredmedia":[{"embeddable":true,"href":"https:\/\/humanbridge.fr\/index.php\/wp-json\/wp\/v2\/media\/479"}],"wp:attachment":[{"href":"https:\/\/humanbridge.fr\/index.php\/wp-json\/wp\/v2\/media?parent=84"}],"curies":[{"name":"wp","href":"https:\/\/api.w.org\/{rel}","templated":true}]}}