{"id":33,"date":"2018-02-16T10:25:21","date_gmt":"2018-02-16T09:25:21","guid":{"rendered":"http:\/\/humanbridge.fr\/?page_id=33"},"modified":"2019-03-22T15:48:10","modified_gmt":"2019-03-22T14:48:10","slug":"notre-methode","status":"publish","type":"page","link":"https:\/\/humanbridge.fr\/index.php\/notre-methode\/","title":{"rendered":"M\u00e9thode"},"content":{"rendered":"<p style=\"text-align: justify;\"><span style=\"font-size: 14px; font-family: Numans; color: #03224c;\">Recruter est un exercice qui peut s&rsquo;av\u00e9rer compliqu\u00e9 et qui n\u00e9cessite du temps.\u00a0 \u00a0Notre but ultime est d&rsquo;en faire gagner aussi bien \u00e0 nos clients qu&rsquo;\u00e0 nos candidats.\u00a0 Pour en gagner il y a plusieurs moyens, nous vous offrons l&rsquo;expertise\u00a0 \u00a0m\u00e9tier (RH et op\u00e9rationnelle) et un large r\u00e9seau sp\u00e9cialis\u00e9.\u00a0 \u00a0Dans un monde de plus\u00a0 en plus connect\u00e9 c&rsquo;est notre capacit\u00e9 \u00e0 filtrer pertinemment les profils qui fera la diff\u00e9rence.<\/span><\/p>\n<p style=\"text-align: center;\"><img loading=\"lazy\" decoding=\"async\" class=\"alignnone size-full wp-image-404\" src=\"http:\/\/humanbridge.fr\/wp-content\/uploads\/2018\/03\/Method-0903-v3-1.png\" alt=\"\" width=\"1666\" height=\"1086\" srcset=\"https:\/\/humanbridge.fr\/wp-content\/uploads\/2018\/03\/Method-0903-v3-1.png 1666w, https:\/\/humanbridge.fr\/wp-content\/uploads\/2018\/03\/Method-0903-v3-1-300x196.png 300w, https:\/\/humanbridge.fr\/wp-content\/uploads\/2018\/03\/Method-0903-v3-1-768x501.png 768w, https:\/\/humanbridge.fr\/wp-content\/uploads\/2018\/03\/Method-0903-v3-1-1024x668.png 1024w\" sizes=\"auto, (max-width: 1666px) 100vw, 1666px\" \/><\/p>\n<p><strong><span style=\"text-decoration: underline;\"><span style=\"font-size: 16px;\"><span style=\"font-family: Numans; color: #03224c; text-decoration: underline;\">LES \u00c9TAPES D&rsquo;UNE MISSION<\/span><\/span><\/span><\/strong><\/p>\n<ul style=\"list-style-type: square;\">\n<li style=\"text-align: justify;\"><span style=\"font-family: Numans; font-size: 14px; color: #03224c;\">D\u00e9finition des besoins client (profil recherch\u00e9,\u00a0 niveau d&rsquo;exp\u00e9rience, r\u00e9mun\u00e9ration cible&#8230;) et\u00a0 du contexte\u00a0 (historique, taille de l&rsquo;\u00e9quipe, environnement de travail, pyramide hi\u00e9rarchique, perspectives d&rsquo;\u00e9volution, culture d&rsquo;entreprise&#8230;)\u00a0 ;<\/span><\/li>\n<li><span style=\"font-family: Numans; font-size: 14px; color: #03224c;\">Recherche de candidats\u00a0 \u00a0;<\/span><\/li>\n<li><span style=\"font-size: 14px; font-family: Numans; color: #03224c;\">Entretiens t\u00e9l\u00e9phoniques de pr\u00e9-qualification entre les candidats et Human Bridge ;<\/span><\/li>\n<li><span style=\"font-family: Numans; font-size: 14px; color: #03224c;\">Rendez-vous entre les candidats s\u00e9lectionn\u00e9s et Human Bridge ;<\/span><\/li>\n<li><span style=\"font-size: 14px; color: #03224c; font-family: Numans;\">Pr\u00e9sentation des candidats pressentis au client ;<\/span><\/li>\n<li><span style=\"font-family: Numans; color: #03224c; font-size: 14px;\">Choix du ou des candidats finaux par le client ;<\/span><\/li>\n<li><span style=\"font-family: Numans; font-size: 14px; color: #003366;\">Suivi de l&rsquo;int\u00e9gration.<\/span><\/li>\n<\/ul>\n<p><span style=\"font-size: 16px; font-family: Numans;\"><strong><span style=\"text-decoration: underline;\"><span style=\"color: #03224c; text-decoration: underline;\">ENGAGEMENTS<\/span><\/span><\/strong><\/span><\/p>\n<ul style=\"list-style-type: square;\">\n<li style=\"text-align: justify;\"><span style=\"font-family: Numans; color: #03224c; font-size: 14px;\">Respecter une confidentialit\u00e9 absolue tout au long de la phase de recrutement (informations transmises et contexte) ;<\/span><\/li>\n<li style=\"text-align: justify;\"><span style=\"color: #03224c; font-family: Numans; font-size: 14px;\">Informer r\u00e9guli\u00e8rement nos clients sur l&rsquo;avanc\u00e9e de la mission (au moins une fois par semaine) ;<\/span><\/li>\n<li style=\"text-align: justify;\"><span style=\"font-family: Numans; color: #03224c; font-size: 14px;\">Envoyer syst\u00e9matiquement \u00e0 nos clients un dossier sur les candidats que nous jugeons pertinents qui permettra d&rsquo;avoir une lecture \u00e9clair\u00e9e de leurs parcours, comp\u00e9tences et traits de personnalit\u00e9 ;<\/span><\/li>\n<li style=\"text-align: justify;\"><span style=\"color: #03224c; font-family: Numans; font-size: 14px;\">Nous ne chassons\u00a0 pas\u00a0 chez nos clients ;<\/span><\/li>\n<li style=\"text-align: justify;\"><span style=\"color: #03224c; font-family: Numans; font-size: 14px;\">Nos prenons syst\u00e9matiquement des r\u00e9f\u00e9rences professionnelles sur les candidats pr\u00e9sents en phase finale.<\/span><\/li>\n<\/ul>\n<p><span style=\"font-size: 16px; font-family: Numans;\"><strong><span style=\"text-decoration: underline; color: #03224c;\">CONDITIONS<\/span><\/strong><\/span><\/p>\n<ul style=\"list-style-type: square;\">\n<li style=\"text-align: justify;\"><span style=\"color: #03224c; font-family: Numans; font-size: 14px;\">Nous ne travaillons que sur la base d&rsquo;un mandat exclusif ;<\/span><\/li>\n<li style=\"text-align: justify;\"><span style=\"color: #03224c; font-family: Numans; font-size: 14px;\">Le r\u00e8glement\u00a0 (hors acomptes) s&rsquo;effectue \u00e0 la signature du CDI ou de la promesse d&#8217;embauche ;<\/span><\/li>\n<li style=\"text-align: justify;\"><span style=\"color: #03224c; font-family: Numans; font-size: 14px;\">Nous rempla\u00e7ons syst\u00e9matiquement nos candidats sans frais suppl\u00e9mentaires dans le cas d&rsquo;un d\u00e9part volontaire ou d&rsquo;un licenciement pendant la p\u00e9riode d\u2019essai (dans une limite de 6 mois).<\/span><\/li>\n<\/ul>\n<p>&nbsp;<\/p>\n<p>&nbsp;<\/p>\n","protected":false},"excerpt":{"rendered":"<p>Recruter est un exercice qui peut s&rsquo;av\u00e9rer compliqu\u00e9 et qui n\u00e9cessite du temps.\u00a0 \u00a0Notre but ultime est d&rsquo;en faire gagner aussi bien \u00e0 nos clients qu&rsquo;\u00e0 nos candidats.\u00a0 Pour en gagner il y a plusieurs moyens, nous vous offrons l&rsquo;expertise\u00a0 \u00a0m\u00e9tier (RH et op\u00e9rationnelle) et un large r\u00e9seau sp\u00e9cialis\u00e9.\u00a0 \u00a0Dans un monde de plus\u00a0 en &hellip;<\/p>\n","protected":false},"author":1,"featured_media":0,"parent":0,"menu_order":0,"comment_status":"closed","ping_status":"open","template":"","meta":{"footnotes":""},"class_list":["post-33","page","type-page","status-publish","hentry"],"yoast_head":"<!-- This site is optimized with the Yoast SEO plugin v27.0 - https:\/\/yoast.com\/product\/yoast-seo-wordpress\/ -->\n<title>Human Bridge : Notre m\u00e9thode<\/title>\n<meta name=\"description\" content=\"Human Bridge utilise une m\u00e9thode sp\u00e9cifique dans la chasse de candidats Haut de Bilan.\" \/>\n<meta name=\"robots\" content=\"index, follow, max-snippet:-1, max-image-preview:large, max-video-preview:-1\" \/>\n<link rel=\"canonical\" href=\"https:\/\/humanbridge.fr\/index.php\/notre-methode\/\" \/>\n<meta property=\"og:locale\" content=\"fr_FR\" \/>\n<meta property=\"og:type\" content=\"article\" \/>\n<meta property=\"og:title\" content=\"Human Bridge : Notre m\u00e9thode\" \/>\n<meta property=\"og:description\" content=\"Human Bridge utilise une m\u00e9thode sp\u00e9cifique dans la chasse de candidats Haut de Bilan.\" \/>\n<meta property=\"og:url\" content=\"https:\/\/humanbridge.fr\/index.php\/notre-methode\/\" \/>\n<meta property=\"og:site_name\" content=\"Human Bridge\" \/>\n<meta property=\"article:modified_time\" content=\"2019-03-22T14:48:10+00:00\" \/>\n<meta property=\"og:image\" content=\"http:\/\/humanbridge.fr\/wp-content\/uploads\/2018\/03\/Method-0903-v3-1.png\" \/>\n<meta name=\"twitter:card\" content=\"summary_large_image\" \/>\n<meta name=\"twitter:label1\" content=\"Dur\u00e9e de lecture estim\u00e9e\" \/>\n\t<meta name=\"twitter:data1\" content=\"2 minutes\" \/>\n<script type=\"application\/ld+json\" class=\"yoast-schema-graph\">{\"@context\":\"https:\/\/schema.org\",\"@graph\":[{\"@type\":\"WebPage\",\"@id\":\"https:\/\/humanbridge.fr\/index.php\/notre-methode\/\",\"url\":\"https:\/\/humanbridge.fr\/index.php\/notre-methode\/\",\"name\":\"Human Bridge : Notre m\u00e9thode\",\"isPartOf\":{\"@id\":\"https:\/\/humanbridge.fr\/#website\"},\"primaryImageOfPage\":{\"@id\":\"https:\/\/humanbridge.fr\/index.php\/notre-methode\/#primaryimage\"},\"image\":{\"@id\":\"https:\/\/humanbridge.fr\/index.php\/notre-methode\/#primaryimage\"},\"thumbnailUrl\":\"http:\/\/humanbridge.fr\/wp-content\/uploads\/2018\/03\/Method-0903-v3-1.png\",\"datePublished\":\"2018-02-16T09:25:21+00:00\",\"dateModified\":\"2019-03-22T14:48:10+00:00\",\"description\":\"Human Bridge utilise une m\u00e9thode sp\u00e9cifique dans la chasse de candidats Haut de Bilan.\",\"breadcrumb\":{\"@id\":\"https:\/\/humanbridge.fr\/index.php\/notre-methode\/#breadcrumb\"},\"inLanguage\":\"fr-FR\",\"potentialAction\":[{\"@type\":\"ReadAction\",\"target\":[\"https:\/\/humanbridge.fr\/index.php\/notre-methode\/\"]}]},{\"@type\":\"ImageObject\",\"inLanguage\":\"fr-FR\",\"@id\":\"https:\/\/humanbridge.fr\/index.php\/notre-methode\/#primaryimage\",\"url\":\"http:\/\/humanbridge.fr\/wp-content\/uploads\/2018\/03\/Method-0903-v3-1.png\",\"contentUrl\":\"http:\/\/humanbridge.fr\/wp-content\/uploads\/2018\/03\/Method-0903-v3-1.png\"},{\"@type\":\"BreadcrumbList\",\"@id\":\"https:\/\/humanbridge.fr\/index.php\/notre-methode\/#breadcrumb\",\"itemListElement\":[{\"@type\":\"ListItem\",\"position\":1,\"name\":\"Accueil\",\"item\":\"https:\/\/humanbridge.fr\/\"},{\"@type\":\"ListItem\",\"position\":2,\"name\":\"M\u00e9thode\"}]},{\"@type\":\"WebSite\",\"@id\":\"https:\/\/humanbridge.fr\/#website\",\"url\":\"https:\/\/humanbridge.fr\/\",\"name\":\"Human Bridge\",\"description\":\"\",\"publisher\":{\"@id\":\"https:\/\/humanbridge.fr\/#organization\"},\"potentialAction\":[{\"@type\":\"SearchAction\",\"target\":{\"@type\":\"EntryPoint\",\"urlTemplate\":\"https:\/\/humanbridge.fr\/?s={search_term_string}\"},\"query-input\":{\"@type\":\"PropertyValueSpecification\",\"valueRequired\":true,\"valueName\":\"search_term_string\"}}],\"inLanguage\":\"fr-FR\"},{\"@type\":\"Organization\",\"@id\":\"https:\/\/humanbridge.fr\/#organization\",\"name\":\"Human Bridge\",\"url\":\"https:\/\/humanbridge.fr\/\",\"logo\":{\"@type\":\"ImageObject\",\"inLanguage\":\"fr-FR\",\"@id\":\"https:\/\/humanbridge.fr\/#\/schema\/logo\/image\/\",\"url\":\"https:\/\/humanbridge.fr\/wp-content\/uploads\/2018\/09\/Logo-vdef-LK.png\",\"contentUrl\":\"https:\/\/humanbridge.fr\/wp-content\/uploads\/2018\/09\/Logo-vdef-LK.png\",\"width\":933,\"height\":651,\"caption\":\"Human Bridge\"},\"image\":{\"@id\":\"https:\/\/humanbridge.fr\/#\/schema\/logo\/image\/\"},\"sameAs\":[\"https:\/\/www.linkedin.com\/company\/human-bridge\/\"]}]}<\/script>\n<!-- \/ Yoast SEO plugin. -->","yoast_head_json":{"title":"Human Bridge : Notre m\u00e9thode","description":"Human Bridge utilise une m\u00e9thode sp\u00e9cifique dans la chasse de candidats Haut de Bilan.","robots":{"index":"index","follow":"follow","max-snippet":"max-snippet:-1","max-image-preview":"max-image-preview:large","max-video-preview":"max-video-preview:-1"},"canonical":"https:\/\/humanbridge.fr\/index.php\/notre-methode\/","og_locale":"fr_FR","og_type":"article","og_title":"Human Bridge : Notre m\u00e9thode","og_description":"Human Bridge utilise une m\u00e9thode sp\u00e9cifique dans la chasse de candidats Haut de Bilan.","og_url":"https:\/\/humanbridge.fr\/index.php\/notre-methode\/","og_site_name":"Human Bridge","article_modified_time":"2019-03-22T14:48:10+00:00","og_image":[{"url":"http:\/\/humanbridge.fr\/wp-content\/uploads\/2018\/03\/Method-0903-v3-1.png","type":"","width":"","height":""}],"twitter_card":"summary_large_image","twitter_misc":{"Dur\u00e9e de lecture estim\u00e9e":"2 minutes"},"schema":{"@context":"https:\/\/schema.org","@graph":[{"@type":"WebPage","@id":"https:\/\/humanbridge.fr\/index.php\/notre-methode\/","url":"https:\/\/humanbridge.fr\/index.php\/notre-methode\/","name":"Human Bridge : Notre m\u00e9thode","isPartOf":{"@id":"https:\/\/humanbridge.fr\/#website"},"primaryImageOfPage":{"@id":"https:\/\/humanbridge.fr\/index.php\/notre-methode\/#primaryimage"},"image":{"@id":"https:\/\/humanbridge.fr\/index.php\/notre-methode\/#primaryimage"},"thumbnailUrl":"http:\/\/humanbridge.fr\/wp-content\/uploads\/2018\/03\/Method-0903-v3-1.png","datePublished":"2018-02-16T09:25:21+00:00","dateModified":"2019-03-22T14:48:10+00:00","description":"Human Bridge utilise une m\u00e9thode sp\u00e9cifique dans la chasse de candidats Haut de Bilan.","breadcrumb":{"@id":"https:\/\/humanbridge.fr\/index.php\/notre-methode\/#breadcrumb"},"inLanguage":"fr-FR","potentialAction":[{"@type":"ReadAction","target":["https:\/\/humanbridge.fr\/index.php\/notre-methode\/"]}]},{"@type":"ImageObject","inLanguage":"fr-FR","@id":"https:\/\/humanbridge.fr\/index.php\/notre-methode\/#primaryimage","url":"http:\/\/humanbridge.fr\/wp-content\/uploads\/2018\/03\/Method-0903-v3-1.png","contentUrl":"http:\/\/humanbridge.fr\/wp-content\/uploads\/2018\/03\/Method-0903-v3-1.png"},{"@type":"BreadcrumbList","@id":"https:\/\/humanbridge.fr\/index.php\/notre-methode\/#breadcrumb","itemListElement":[{"@type":"ListItem","position":1,"name":"Accueil","item":"https:\/\/humanbridge.fr\/"},{"@type":"ListItem","position":2,"name":"M\u00e9thode"}]},{"@type":"WebSite","@id":"https:\/\/humanbridge.fr\/#website","url":"https:\/\/humanbridge.fr\/","name":"Human Bridge","description":"","publisher":{"@id":"https:\/\/humanbridge.fr\/#organization"},"potentialAction":[{"@type":"SearchAction","target":{"@type":"EntryPoint","urlTemplate":"https:\/\/humanbridge.fr\/?s={search_term_string}"},"query-input":{"@type":"PropertyValueSpecification","valueRequired":true,"valueName":"search_term_string"}}],"inLanguage":"fr-FR"},{"@type":"Organization","@id":"https:\/\/humanbridge.fr\/#organization","name":"Human Bridge","url":"https:\/\/humanbridge.fr\/","logo":{"@type":"ImageObject","inLanguage":"fr-FR","@id":"https:\/\/humanbridge.fr\/#\/schema\/logo\/image\/","url":"https:\/\/humanbridge.fr\/wp-content\/uploads\/2018\/09\/Logo-vdef-LK.png","contentUrl":"https:\/\/humanbridge.fr\/wp-content\/uploads\/2018\/09\/Logo-vdef-LK.png","width":933,"height":651,"caption":"Human Bridge"},"image":{"@id":"https:\/\/humanbridge.fr\/#\/schema\/logo\/image\/"},"sameAs":["https:\/\/www.linkedin.com\/company\/human-bridge\/"]}]}},"_links":{"self":[{"href":"https:\/\/humanbridge.fr\/index.php\/wp-json\/wp\/v2\/pages\/33","targetHints":{"allow":["GET"]}}],"collection":[{"href":"https:\/\/humanbridge.fr\/index.php\/wp-json\/wp\/v2\/pages"}],"about":[{"href":"https:\/\/humanbridge.fr\/index.php\/wp-json\/wp\/v2\/types\/page"}],"author":[{"embeddable":true,"href":"https:\/\/humanbridge.fr\/index.php\/wp-json\/wp\/v2\/users\/1"}],"replies":[{"embeddable":true,"href":"https:\/\/humanbridge.fr\/index.php\/wp-json\/wp\/v2\/comments?post=33"}],"version-history":[{"count":69,"href":"https:\/\/humanbridge.fr\/index.php\/wp-json\/wp\/v2\/pages\/33\/revisions"}],"predecessor-version":[{"id":590,"href":"https:\/\/humanbridge.fr\/index.php\/wp-json\/wp\/v2\/pages\/33\/revisions\/590"}],"wp:attachment":[{"href":"https:\/\/humanbridge.fr\/index.php\/wp-json\/wp\/v2\/media?parent=33"}],"curies":[{"name":"wp","href":"https:\/\/api.w.org\/{rel}","templated":true}]}}