{"id":119,"date":"2018-02-16T12:28:56","date_gmt":"2018-02-16T11:28:56","guid":{"rendered":"http:\/\/humanbridge.fr\/?page_id=119"},"modified":"2019-11-26T10:14:59","modified_gmt":"2019-11-26T09:14:59","slug":"clients","status":"publish","type":"page","link":"https:\/\/humanbridge.fr\/index.php\/clients\/","title":{"rendered":"Secteurs"},"content":{"rendered":"<p style=\"text-align: justify;\"><span style=\"font-size: 14px; font-family: Numans; color: #03224c;\">Les comp\u00e9tences li\u00e9es \u00e0 l&rsquo;ing\u00e9nierie financi\u00e8re se retrouvent aussi bien dans l&rsquo;industrie, dans l&rsquo;univers bancaire que dans le conseil et l&rsquo;investissement.\u00a0 \u00a0Raison pour laquelle il existe un certain nombre de passerelles autorisant des mouvements r\u00e9guliers de candidats entre ces diff\u00e9rents secteurs.\u00a0 \u00a0Cependant, si les comp\u00e9tences techniques sont proches, les enjeux, les probl\u00e9matiques et les m\u00e9thodes de travail n\u00e9cessitent des traits de personnalit\u00e9 et des qualit\u00e9s diff\u00e9rentes.\u00a0 \u00a0C&rsquo;est notre connaissance des sp\u00e9cificit\u00e9s de\u00a0 chacun de ces secteurs\u00a0 qui nous permet de s\u00e9lectionner les\u00a0 \u00a0profils les plus pertinents.<\/span><\/p>\n<p>&nbsp;<\/p>\n<p><img loading=\"lazy\" decoding=\"async\" class=\"size-full wp-image-630 aligncenter\" src=\"http:\/\/humanbridge.fr\/wp-content\/uploads\/2019\/11\/Secteurs.png\" alt=\"\" width=\"1358\" height=\"674\" srcset=\"https:\/\/humanbridge.fr\/wp-content\/uploads\/2019\/11\/Secteurs.png 1358w, https:\/\/humanbridge.fr\/wp-content\/uploads\/2019\/11\/Secteurs-300x149.png 300w, https:\/\/humanbridge.fr\/wp-content\/uploads\/2019\/11\/Secteurs-768x381.png 768w, https:\/\/humanbridge.fr\/wp-content\/uploads\/2019\/11\/Secteurs-1024x508.png 1024w\" sizes=\"auto, (max-width: 1358px) 100vw, 1358px\" \/><\/p>\n<p>&nbsp;<\/p>\n","protected":false},"excerpt":{"rendered":"<p>Les comp\u00e9tences li\u00e9es \u00e0 l&rsquo;ing\u00e9nierie financi\u00e8re se retrouvent aussi bien dans l&rsquo;industrie, dans l&rsquo;univers bancaire que dans le conseil et l&rsquo;investissement.\u00a0 \u00a0Raison pour laquelle il existe un certain nombre de passerelles autorisant des mouvements r\u00e9guliers de candidats entre ces diff\u00e9rents secteurs.\u00a0 \u00a0Cependant, si les comp\u00e9tences techniques sont proches, les enjeux, les probl\u00e9matiques et les m\u00e9thodes &hellip;<\/p>\n","protected":false},"author":1,"featured_media":479,"parent":0,"menu_order":0,"comment_status":"closed","ping_status":"closed","template":"","meta":{"footnotes":""},"class_list":["post-119","page","type-page","status-publish","has-post-thumbnail","hentry"],"yoast_head":"<!-- This site is optimized with the Yoast SEO plugin v27.0 - https:\/\/yoast.com\/product\/yoast-seo-wordpress\/ -->\n<title>L&#039;ing\u00e9nierie financi\u00e8re - Human Bridge<\/title>\n<meta name=\"description\" content=\"Les comp\u00e9tences li\u00e9es \u00e0 l&#039;ing\u00e9nierie financi\u00e8re se retrouvent aussi bien dans l&#039;industrie, dans l&#039;univers bancaire que dans le conseil et l&#039;investissement.\u00a0\" \/>\n<meta name=\"robots\" content=\"index, follow, max-snippet:-1, max-image-preview:large, max-video-preview:-1\" \/>\n<link rel=\"canonical\" href=\"https:\/\/humanbridge.fr\/index.php\/clients\/\" \/>\n<meta property=\"og:locale\" content=\"fr_FR\" \/>\n<meta property=\"og:type\" content=\"article\" \/>\n<meta property=\"og:title\" content=\"L&#039;ing\u00e9nierie financi\u00e8re - Human Bridge\" \/>\n<meta property=\"og:description\" content=\"Les comp\u00e9tences li\u00e9es \u00e0 l&#039;ing\u00e9nierie financi\u00e8re se retrouvent aussi bien dans l&#039;industrie, dans l&#039;univers bancaire que dans le conseil et l&#039;investissement.\u00a0\" \/>\n<meta property=\"og:url\" content=\"https:\/\/humanbridge.fr\/index.php\/clients\/\" \/>\n<meta property=\"og:site_name\" content=\"Human Bridge\" \/>\n<meta property=\"article:modified_time\" content=\"2019-11-26T09:14:59+00:00\" \/>\n<meta property=\"og:image\" content=\"https:\/\/humanbridge.fr\/wp-content\/uploads\/2018\/09\/Logo-vdef-LK.png\" \/>\n\t<meta property=\"og:image:width\" content=\"933\" \/>\n\t<meta property=\"og:image:height\" content=\"651\" \/>\n\t<meta property=\"og:image:type\" content=\"image\/png\" \/>\n<meta name=\"twitter:card\" content=\"summary_large_image\" \/>\n<meta name=\"twitter:label1\" content=\"Dur\u00e9e de lecture estim\u00e9e\" \/>\n\t<meta name=\"twitter:data1\" content=\"1 minute\" \/>\n<script type=\"application\/ld+json\" class=\"yoast-schema-graph\">{\"@context\":\"https:\/\/schema.org\",\"@graph\":[{\"@type\":\"WebPage\",\"@id\":\"https:\/\/humanbridge.fr\/index.php\/clients\/\",\"url\":\"https:\/\/humanbridge.fr\/index.php\/clients\/\",\"name\":\"L'ing\u00e9nierie financi\u00e8re - Human Bridge\",\"isPartOf\":{\"@id\":\"https:\/\/humanbridge.fr\/#website\"},\"primaryImageOfPage\":{\"@id\":\"https:\/\/humanbridge.fr\/index.php\/clients\/#primaryimage\"},\"image\":{\"@id\":\"https:\/\/humanbridge.fr\/index.php\/clients\/#primaryimage\"},\"thumbnailUrl\":\"https:\/\/humanbridge.fr\/wp-content\/uploads\/2018\/09\/Logo-vdef-LK.png\",\"datePublished\":\"2018-02-16T11:28:56+00:00\",\"dateModified\":\"2019-11-26T09:14:59+00:00\",\"description\":\"Les comp\u00e9tences li\u00e9es \u00e0 l'ing\u00e9nierie financi\u00e8re se retrouvent aussi bien dans l'industrie, dans l'univers bancaire que dans le conseil et l'investissement.\u00a0\",\"breadcrumb\":{\"@id\":\"https:\/\/humanbridge.fr\/index.php\/clients\/#breadcrumb\"},\"inLanguage\":\"fr-FR\",\"potentialAction\":[{\"@type\":\"ReadAction\",\"target\":[\"https:\/\/humanbridge.fr\/index.php\/clients\/\"]}]},{\"@type\":\"ImageObject\",\"inLanguage\":\"fr-FR\",\"@id\":\"https:\/\/humanbridge.fr\/index.php\/clients\/#primaryimage\",\"url\":\"https:\/\/humanbridge.fr\/wp-content\/uploads\/2018\/09\/Logo-vdef-LK.png\",\"contentUrl\":\"https:\/\/humanbridge.fr\/wp-content\/uploads\/2018\/09\/Logo-vdef-LK.png\",\"width\":933,\"height\":651},{\"@type\":\"BreadcrumbList\",\"@id\":\"https:\/\/humanbridge.fr\/index.php\/clients\/#breadcrumb\",\"itemListElement\":[{\"@type\":\"ListItem\",\"position\":1,\"name\":\"Accueil\",\"item\":\"https:\/\/humanbridge.fr\/\"},{\"@type\":\"ListItem\",\"position\":2,\"name\":\"Secteurs\"}]},{\"@type\":\"WebSite\",\"@id\":\"https:\/\/humanbridge.fr\/#website\",\"url\":\"https:\/\/humanbridge.fr\/\",\"name\":\"Human Bridge\",\"description\":\"\",\"publisher\":{\"@id\":\"https:\/\/humanbridge.fr\/#organization\"},\"potentialAction\":[{\"@type\":\"SearchAction\",\"target\":{\"@type\":\"EntryPoint\",\"urlTemplate\":\"https:\/\/humanbridge.fr\/?s={search_term_string}\"},\"query-input\":{\"@type\":\"PropertyValueSpecification\",\"valueRequired\":true,\"valueName\":\"search_term_string\"}}],\"inLanguage\":\"fr-FR\"},{\"@type\":\"Organization\",\"@id\":\"https:\/\/humanbridge.fr\/#organization\",\"name\":\"Human Bridge\",\"url\":\"https:\/\/humanbridge.fr\/\",\"logo\":{\"@type\":\"ImageObject\",\"inLanguage\":\"fr-FR\",\"@id\":\"https:\/\/humanbridge.fr\/#\/schema\/logo\/image\/\",\"url\":\"https:\/\/humanbridge.fr\/wp-content\/uploads\/2018\/09\/Logo-vdef-LK.png\",\"contentUrl\":\"https:\/\/humanbridge.fr\/wp-content\/uploads\/2018\/09\/Logo-vdef-LK.png\",\"width\":933,\"height\":651,\"caption\":\"Human Bridge\"},\"image\":{\"@id\":\"https:\/\/humanbridge.fr\/#\/schema\/logo\/image\/\"},\"sameAs\":[\"https:\/\/www.linkedin.com\/company\/human-bridge\/\"]}]}<\/script>\n<!-- \/ Yoast SEO plugin. -->","yoast_head_json":{"title":"L'ing\u00e9nierie financi\u00e8re - Human Bridge","description":"Les comp\u00e9tences li\u00e9es \u00e0 l'ing\u00e9nierie financi\u00e8re se retrouvent aussi bien dans l'industrie, dans l'univers bancaire que dans le conseil et l'investissement.\u00a0","robots":{"index":"index","follow":"follow","max-snippet":"max-snippet:-1","max-image-preview":"max-image-preview:large","max-video-preview":"max-video-preview:-1"},"canonical":"https:\/\/humanbridge.fr\/index.php\/clients\/","og_locale":"fr_FR","og_type":"article","og_title":"L'ing\u00e9nierie financi\u00e8re - Human Bridge","og_description":"Les comp\u00e9tences li\u00e9es \u00e0 l'ing\u00e9nierie financi\u00e8re se retrouvent aussi bien dans l'industrie, dans l'univers bancaire que dans le conseil et l'investissement.\u00a0","og_url":"https:\/\/humanbridge.fr\/index.php\/clients\/","og_site_name":"Human Bridge","article_modified_time":"2019-11-26T09:14:59+00:00","og_image":[{"width":933,"height":651,"url":"https:\/\/humanbridge.fr\/wp-content\/uploads\/2018\/09\/Logo-vdef-LK.png","type":"image\/png"}],"twitter_card":"summary_large_image","twitter_misc":{"Dur\u00e9e de lecture estim\u00e9e":"1 minute"},"schema":{"@context":"https:\/\/schema.org","@graph":[{"@type":"WebPage","@id":"https:\/\/humanbridge.fr\/index.php\/clients\/","url":"https:\/\/humanbridge.fr\/index.php\/clients\/","name":"L'ing\u00e9nierie financi\u00e8re - Human Bridge","isPartOf":{"@id":"https:\/\/humanbridge.fr\/#website"},"primaryImageOfPage":{"@id":"https:\/\/humanbridge.fr\/index.php\/clients\/#primaryimage"},"image":{"@id":"https:\/\/humanbridge.fr\/index.php\/clients\/#primaryimage"},"thumbnailUrl":"https:\/\/humanbridge.fr\/wp-content\/uploads\/2018\/09\/Logo-vdef-LK.png","datePublished":"2018-02-16T11:28:56+00:00","dateModified":"2019-11-26T09:14:59+00:00","description":"Les comp\u00e9tences li\u00e9es \u00e0 l'ing\u00e9nierie financi\u00e8re se retrouvent aussi bien dans l'industrie, dans l'univers bancaire que dans le conseil et l'investissement.\u00a0","breadcrumb":{"@id":"https:\/\/humanbridge.fr\/index.php\/clients\/#breadcrumb"},"inLanguage":"fr-FR","potentialAction":[{"@type":"ReadAction","target":["https:\/\/humanbridge.fr\/index.php\/clients\/"]}]},{"@type":"ImageObject","inLanguage":"fr-FR","@id":"https:\/\/humanbridge.fr\/index.php\/clients\/#primaryimage","url":"https:\/\/humanbridge.fr\/wp-content\/uploads\/2018\/09\/Logo-vdef-LK.png","contentUrl":"https:\/\/humanbridge.fr\/wp-content\/uploads\/2018\/09\/Logo-vdef-LK.png","width":933,"height":651},{"@type":"BreadcrumbList","@id":"https:\/\/humanbridge.fr\/index.php\/clients\/#breadcrumb","itemListElement":[{"@type":"ListItem","position":1,"name":"Accueil","item":"https:\/\/humanbridge.fr\/"},{"@type":"ListItem","position":2,"name":"Secteurs"}]},{"@type":"WebSite","@id":"https:\/\/humanbridge.fr\/#website","url":"https:\/\/humanbridge.fr\/","name":"Human Bridge","description":"","publisher":{"@id":"https:\/\/humanbridge.fr\/#organization"},"potentialAction":[{"@type":"SearchAction","target":{"@type":"EntryPoint","urlTemplate":"https:\/\/humanbridge.fr\/?s={search_term_string}"},"query-input":{"@type":"PropertyValueSpecification","valueRequired":true,"valueName":"search_term_string"}}],"inLanguage":"fr-FR"},{"@type":"Organization","@id":"https:\/\/humanbridge.fr\/#organization","name":"Human Bridge","url":"https:\/\/humanbridge.fr\/","logo":{"@type":"ImageObject","inLanguage":"fr-FR","@id":"https:\/\/humanbridge.fr\/#\/schema\/logo\/image\/","url":"https:\/\/humanbridge.fr\/wp-content\/uploads\/2018\/09\/Logo-vdef-LK.png","contentUrl":"https:\/\/humanbridge.fr\/wp-content\/uploads\/2018\/09\/Logo-vdef-LK.png","width":933,"height":651,"caption":"Human Bridge"},"image":{"@id":"https:\/\/humanbridge.fr\/#\/schema\/logo\/image\/"},"sameAs":["https:\/\/www.linkedin.com\/company\/human-bridge\/"]}]}},"_links":{"self":[{"href":"https:\/\/humanbridge.fr\/index.php\/wp-json\/wp\/v2\/pages\/119","targetHints":{"allow":["GET"]}}],"collection":[{"href":"https:\/\/humanbridge.fr\/index.php\/wp-json\/wp\/v2\/pages"}],"about":[{"href":"https:\/\/humanbridge.fr\/index.php\/wp-json\/wp\/v2\/types\/page"}],"author":[{"embeddable":true,"href":"https:\/\/humanbridge.fr\/index.php\/wp-json\/wp\/v2\/users\/1"}],"replies":[{"embeddable":true,"href":"https:\/\/humanbridge.fr\/index.php\/wp-json\/wp\/v2\/comments?post=119"}],"version-history":[{"count":35,"href":"https:\/\/humanbridge.fr\/index.php\/wp-json\/wp\/v2\/pages\/119\/revisions"}],"predecessor-version":[{"id":631,"href":"https:\/\/humanbridge.fr\/index.php\/wp-json\/wp\/v2\/pages\/119\/revisions\/631"}],"wp:featuredmedia":[{"embeddable":true,"href":"https:\/\/humanbridge.fr\/index.php\/wp-json\/wp\/v2\/media\/479"}],"wp:attachment":[{"href":"https:\/\/humanbridge.fr\/index.php\/wp-json\/wp\/v2\/media?parent=119"}],"curies":[{"name":"wp","href":"https:\/\/api.w.org\/{rel}","templated":true}]}}